{"id":1025,"date":"2021-11-04T19:30:35","date_gmt":"2021-11-04T19:30:35","guid":{"rendered":"https:\/\/t2kconsultoria.com.br\/sitetumpex\/?post_type=product&#038;p=1025"},"modified":"2022-03-25T13:47:40","modified_gmt":"2022-03-25T13:47:40","slug":"nova-esperanca-2","status":"publish","type":"product","link":"https:\/\/www.tumpex.com.br\/index.php\/produto\/nova-esperanca-2\/","title":{"rendered":"Nova Esperan\u00e7a 2"},"content":{"rendered":"<p>A coleta \u00e9 realizada diariamente em seu bairro de Segunda a S\u00e1bado de 14:30 \u00e0s 22:50<\/p>\n","protected":false},"excerpt":{"rendered":"<p>Realizaremos a coleta em seu bairro de Segunda a S\u00e1bado de 14:30 \u00e0s 22:50<\/p>\n","protected":false},"featured_media":1592,"template":"","meta":{"_joinchat":[]},"product_brand":[],"product_cat":[27],"product_tag":[],"class_list":{"0":"post-1025","1":"product","2":"type-product","3":"status-publish","4":"has-post-thumbnail","6":"product_cat-2-turno","8":"first","9":"instock","10":"virtual","11":"product-type-simple"},"_links":{"self":[{"href":"https:\/\/www.tumpex.com.br\/index.php\/wp-json\/wp\/v2\/product\/1025","targetHints":{"allow":["GET"]}}],"collection":[{"href":"https:\/\/www.tumpex.com.br\/index.php\/wp-json\/wp\/v2\/product"}],"about":[{"href":"https:\/\/www.tumpex.com.br\/index.php\/wp-json\/wp\/v2\/types\/product"}],"wp:featuredmedia":[{"embeddable":true,"href":"https:\/\/www.tumpex.com.br\/index.php\/wp-json\/wp\/v2\/media\/1592"}],"wp:attachment":[{"href":"https:\/\/www.tumpex.com.br\/index.php\/wp-json\/wp\/v2\/media?parent=1025"}],"wp:term":[{"taxonomy":"product_brand","embeddable":true,"href":"https:\/\/www.tumpex.com.br\/index.php\/wp-json\/wp\/v2\/product_brand?post=1025"},{"taxonomy":"product_cat","embeddable":true,"href":"https:\/\/www.tumpex.com.br\/index.php\/wp-json\/wp\/v2\/product_cat?post=1025"},{"taxonomy":"product_tag","embeddable":true,"href":"https:\/\/www.tumpex.com.br\/index.php\/wp-json\/wp\/v2\/product_tag?post=1025"}],"curies":[{"name":"wp","href":"https:\/\/api.w.org\/{rel}","templated":true}]}}